{"id":190,"date":"2025-12-11T18:05:29","date_gmt":"2025-12-11T15:05:29","guid":{"rendered":"https:\/\/avanta-development.es\/?page_id=190"},"modified":"2026-04-06T15:18:00","modified_gmt":"2026-04-06T12:18:00","slug":"blog","status":"publish","type":"page","link":"https:\/\/avanta-development.es\/es\/blog\/","title":{"rendered":"Blog"},"content":{"rendered":"<div data-elementor-type=\"wp-page\" data-elementor-id=\"190\" class=\"elementor elementor-190\" data-elementor-post-type=\"page\">\n\t\t\t\t<div class=\"elementor-element elementor-element-498e0b24 e-flex e-con-boxed e-con e-parent\" data-id=\"498e0b24\" data-element_type=\"container\" data-settings=\"{&quot;background_background&quot;:&quot;classic&quot;}\">\n\t\t\t\t\t<div class=\"e-con-inner\">\n\t\t<div class=\"elementor-element elementor-element-3ed9a233 e-con-full e-flex elementor-invisible e-con e-child\" data-id=\"3ed9a233\" data-element_type=\"container\" data-settings=\"{&quot;animation&quot;:&quot;fadeIn&quot;}\">\n\t\t\t\t<div class=\"elementor-element elementor-element-3aa05ce elementor-widget elementor-widget-hfe-breadcrumbs-widget\" data-id=\"3aa05ce\" data-element_type=\"widget\" data-widget_type=\"hfe-breadcrumbs-widget.default\">\n\t\t\t\t<div class=\"elementor-widget-container\">\n\t\t\t\t\t<nav aria-label=\"Migaja de pan\"><ul class=\"hfe-breadcrumbs hfe-breadcrumbs-show-home\"><li class=\"hfe-breadcrumbs-item hfe-breadcrumbs-first\"><span class=\"hfe-breadcrumbs-home-icon\"><svg aria-hidden=\"true\" class=\"e-font-icon-svg e-fas-home\" viewbox=\"0 0 576 512\" xmlns=\"http:\/\/www.w3.org\/2000\/svg\"><path d=\"M280.37 148.26L96 300.11V464a16 16 0 0 0 16 16l112.06-.29a16 16 0 0 0 15.92-16V368a16 16 0 0 1 16-16h64a16 16 0 0 1 16 16v95.64a16 16 0 0 0 16 16.05L464 480a16 16 0 0 0 16-16V300L295.67 148.26a12.19 12.19 0 0 0-15.3 0zM571.6 251.47L488 182.56V44.05a12 12 0 0 0-12-12h-56a12 12 0 0 0-12 12v72.61L318.47 43a48 48 0 0 0-61 0L4.34 251.47a12 12 0 0 0-1.6 16.9l25.5 31A12 12 0 0 0 45.15 301l235.22-193.74a12.19 12.19 0 0 1 15.3 0L530.9 301a12 12 0 0 0 16.9-1.6l25.5-31a12 12 0 0 0-1.7-16.93z\"><\/path><\/svg><\/span><a href=\"https:\/\/avanta-development.es\/es\"><span class=\"hfe-breadcrumbs-text\">Hogar<\/span><\/a><\/li><\/ul><\/nav>\t\t\t\t<\/div>\n\t\t\t\t<\/div>\n\t\t\t\t<div class=\"elementor-element elementor-element-ae7b138 elementor-widget elementor-widget-heading\" data-id=\"ae7b138\" data-element_type=\"widget\" data-widget_type=\"heading.default\">\n\t\t\t\t\t<h1 class=\"elementor-heading-title elementor-size-default\">Mant\u00e9ngase actualizado con nuestro blog y noticias<\/h1>\t\t\t\t<\/div>\n\t\t\t\t<\/div>\n\t\t\t\t\t<\/div>\n\t\t\t\t<\/div>\n\t\t<div class=\"elementor-element elementor-element-21000cd4 e-flex e-con-boxed e-con e-parent\" data-id=\"21000cd4\" data-element_type=\"container\" data-settings=\"{&quot;background_background&quot;:&quot;classic&quot;}\">\n\t\t\t\t\t<div class=\"e-con-inner\">\n\t\t<div class=\"elementor-element elementor-element-15eea641 e-con-full animated-slow e-flex elementor-invisible e-con e-child\" data-id=\"15eea641\" data-element_type=\"container\" data-settings=\"{&quot;animation&quot;:&quot;fadeInUp&quot;}\">\n\t\t\t\t<div class=\"elementor-element elementor-element-7e37bedc elementor-widget elementor-widget-elementskit-blog-posts\" data-id=\"7e37bedc\" data-element_type=\"widget\" data-widget_type=\"elementskit-blog-posts.default\">\n\t\t\t\t\t<div class=\"ekit-wid-con\" >        <div id=\"post-items--7e37bedc\" class=\"row post-items\">\n                    <div class=\"col-lg-4 col-md-6\">\n\n                                    <div class=\"elementskit-post-image-card\">\n                        <div class=\"elementskit-entry-header\">\n                                                            <a href=\"https:\/\/avanta-development.es\/es\/%d1%81%d1%82%d0%b0%d1%82%d1%8c%d1%8f-%d0%b4%d0%b5%d0%bc%d0%be\/\" class=\"elementskit-entry-thumb\">\n                                    <img decoding=\"async\" src=\"https:\/\/avanta-development.es\/wp-content\/uploads\/2025\/12\/photo_2026-01-28_17-23-28.jpg\" alt=\"Innovaciones en la construcci\u00f3n: C\u00f3mo la tecnolog\u00eda Sismo est\u00e1 cambiando el panorama inmobiliario en Espa\u00f1a\">\n                                <\/a><!-- .elementskit-entry-thumb END -->\n                                                            \n                            \n\t\t\t\t\t\t\t\t\t\t\t\t\t<\/div><!-- .elementskit-entry-header END -->\n\n\t\t\t\t\t\t<div class=\"elementskit-post-body\">\n\t\t\t\t\t\t\t\n\t\t\t\t\t\t\t\t\n\t\t\t\t\t\t\t\t\t\t\t\t\t\t\t\t\t\t\t\t\t<h2 class=\"entry-title\">\n\t\t\t\t\t<a href=\"https:\/\/avanta-development.es\/es\/%d1%81%d1%82%d0%b0%d1%82%d1%8c%d1%8f-%d0%b4%d0%b5%d0%bc%d0%be\/\">\n\t\t\t\t\t\tInnovaciones en la construcci\u00f3n: C\u00f3mo la tecnolog\u00eda Sismo est\u00e1 cambiando el panorama inmobiliario en Espa\u00f1a\t\t\t\t\t<\/a>\n\t\t\t\t<\/h2>\n\t\t\t\t\t\t\t\t\t\t\t\n\t\t\t\t\t\t\t\t\t\t\t\t\t\t\t\t\t\t\t\t\t\t\t\t\t\t\t\t\t\t\t\t\t\t\t\t\t\t\t<p>Estamos orgullosos de participar en un proyecto que no s\u00f3lo construye casas, sino\u2026<\/p>\n\t\t\t\t\t\t\t\t\t\t\t\t\t\t\t\t\t\t\t\t\t\t\t\t\t\t\t\t\t\t\t\t\t\t\t\t\t\t\t\t\t\t<div class=\"post-meta-list\">\n\t\t\t\t\t\t\t\t\t\t\t\t\t\t\t\t\t\t\t\t\t\t\t\t<span class=\"meta-author\">\n\t\t\t\t\t\t\t\t\t\t\t\t\t\t\t\t\t\t\t\t\t<svg aria-hidden=\"true\" class=\"e-font-icon-svg e-far-user-circle\" viewbox=\"0 0 496 512\" xmlns=\"http:\/\/www.w3.org\/2000\/svg\"><path d=\"M248 104c-53 0-96 43-96 96s43 96 96 96 96-43 96-96-43-96-96-96zm0 144c-26.5 0-48-21.5-48-48s21.5-48 48-48 48 21.5 48 48-21.5 48-48 48zm0-240C111 8 0 119 0 256s111 248 248 248 248-111 248-248S385 8 248 8zm0 448c-49.7 0-95.1-18.3-130.1-48.4 14.9-23 40.4-38.6 69.6-39.5 20.8 6.4 40.6 9.6 60.5 9.6s39.7-3.1 60.5-9.6c29.2 1 54.7 16.5 69.6 39.5-35 30.1-80.4 48.4-130.1 48.4zm162.7-84.1c-24.4-31.4-62.1-51.9-105.1-51.9-10.2 0-26 9.6-57.6 9.6-31.5 0-47.4-9.6-57.6-9.6-42.9 0-80.6 20.5-105.1 51.9C61.9 339.2 48 299.2 48 256c0-110.3 89.7-200 200-200s200 89.7 200 200c0 43.2-13.9 83.2-37.3 115.9z\"><\/path><\/svg>\t\t\t\t\t\t\t\t\t\t\t\t\t\t\t\t\t\t\t\t<a href=\"https:\/\/avanta-development.es\/es\/author\/auramarbella\/\" class=\"author-name\">Alejandro Pavlovsky<\/a>\n\t\t\t\t\t\t\t\t\t<\/span>\n\t\t\t\t\t\t\t\t\t\t\t\t\t\t\t\t\t\t\t\t\t\t\t\t\t\t\t\t\t\t\t\t\t\t\t\t\t\t\t\t\t\t\t\t\t\t\t\t\t\t\t\t\t\t\t\t\t\t\t\t\t\t\t\t<span class=\"meta-date\">\n\t\t\t\t\t\t\t\t\t\t<svg aria-hidden=\"true\" class=\"e-font-icon-svg e-far-calendar\" viewbox=\"0 0 448 512\" xmlns=\"http:\/\/www.w3.org\/2000\/svg\"><path d=\"M400 64h-48V12c0-6.6-5.4-12-12-12h-40c-6.6 0-12 5.4-12 12v52H160V12c0-6.6-5.4-12-12-12h-40c-6.6 0-12 5.4-12 12v52H48C21.5 64 0 85.5 0 112v352c0 26.5 21.5 48 48 48h352c26.5 0 48-21.5 48-48V112c0-26.5-21.5-48-48-48zm-6 400H54c-3.3 0-6-2.7-6-6V160h352v298c0 3.3-2.7 6-6 6z\"><\/path><\/svg>\t\t\t\t\t\t\t\t\t\t<span class=\"meta-date-text\">\n\t\t\t\t\t\t\t\t\t\t\t11.12.2025\t\t\t\t\t\t\t\t\t\t<\/span>\n\t\t\t\t\t\t\t\t\t<\/span>\n\t\t\t\t\t\t\t\t\t\t\t\t\t\t\t\t\t\t\t\t\t\t\t\t\t\t\t\t\t\t\t\t\t\t\t\t\t<\/div>\n\t\t\t\t\t\t\t\t\t\t\t\t                                                    <\/div><!-- .elementskit-post-body END -->\n                    <\/div>\n                \n            <\/div>\n                <\/div>\n       <\/div>\t\t\t\t<\/div>\n\t\t\t\t<\/div>\n\t\t\t\t\t<\/div>\n\t\t\t\t<\/div>\n\t\t<div class=\"elementor-element elementor-element-6b0280f e-flex e-con-boxed e-con e-parent\" data-id=\"6b0280f\" data-element_type=\"container\" data-settings=\"{&quot;background_background&quot;:&quot;classic&quot;}\">\n\t\t\t\t\t<div class=\"e-con-inner\">\n\t\t<div class=\"elementor-element elementor-element-5eec661c e-con-full e-flex e-con e-child\" data-id=\"5eec661c\" data-element_type=\"container\">\n\t\t<div class=\"elementor-element elementor-element-587eaa53 e-con-full e-flex elementor-invisible e-con e-child\" data-id=\"587eaa53\" data-element_type=\"container\" data-settings=\"{&quot;background_background&quot;:&quot;classic&quot;,&quot;animation&quot;:&quot;fadeInUp&quot;}\">\n\t\t<div class=\"elementor-element elementor-element-73c04dd4 e-con-full e-flex e-con e-child\" data-id=\"73c04dd4\" data-element_type=\"container\">\n\t\t\t\t<div class=\"elementor-element elementor-element-28657c52 elementor-widget elementor-widget-heading\" data-id=\"28657c52\" data-element_type=\"widget\" data-widget_type=\"heading.default\">\n\t\t\t\t\t<h5 class=\"elementor-heading-title elementor-size-default\">\u00bfTienes alguna otra pregunta?<\/h5>\t\t\t\t<\/div>\n\t\t\t\t<div class=\"elementor-element elementor-element-40cfdeb6 elementor-widget elementor-widget-text-editor\" data-id=\"40cfdeb6\" data-element_type=\"widget\" data-widget_type=\"text-editor.default\">\n\t\t\t\t\t\t\t\t\t<p>Lorem ipsum dolor sit amet, consectetur adipiscing.<\/p>\t\t\t\t\t\t\t\t<\/div>\n\t\t\t\t<\/div>\n\t\t<div class=\"elementor-element elementor-element-12e343ac e-con-full e-flex e-con e-child\" data-id=\"12e343ac\" data-element_type=\"container\">\n\t\t\t\t<div class=\"elementor-element elementor-element-1aa03452 elementor-align-right elementor-align--mobilecenter elementor-widget-mobile__width-inherit elementor-widget elementor-widget-elementskit-button\" data-id=\"1aa03452\" data-element_type=\"widget\" data-widget_type=\"elementskit-button.default\">\n\t\t\t\t\t<div class=\"ekit-wid-con\" >\t\t<div class=\"ekit-btn-wraper\">\n\t\t\t\t\t\t\t<a href=\"#\" class=\"elementskit-btn  whitespace--normal\" id=\"\">\n\t\t\t\t\tCont\u00e1ctenos\t\t\t\t<\/a>\n\t\t\t\t\t<\/div>\n        <\/div>\t\t\t\t<\/div>\n\t\t\t\t<\/div>\n\t\t\t\t<\/div>\n\t\t\t\t<\/div>\n\t\t<div class=\"elementor-element elementor-element-28ecd0b3 e-con-full e-flex e-con e-child\" data-id=\"28ecd0b3\" data-element_type=\"container\">\n\t\t<div class=\"elementor-element elementor-element-1d22fabe e-con-full e-flex elementor-invisible e-con e-child\" data-id=\"1d22fabe\" data-element_type=\"container\" data-settings=\"{&quot;animation&quot;:&quot;fadeInUp&quot;}\">\n\t\t<div class=\"elementor-element elementor-element-77753be0 e-con-full e-flex e-con e-child\" data-id=\"77753be0\" data-element_type=\"container\">\n\t\t\t\t<div class=\"elementor-element elementor-element-1954e0b0 elementor-widget elementor-widget-heading\" data-id=\"1954e0b0\" data-element_type=\"widget\" data-widget_type=\"heading.default\">\n\t\t\t\t\t<div class=\"elementor-heading-title elementor-size-default\">Preguntas frecuentes<\/div>\t\t\t\t<\/div>\n\t\t\t\t<\/div>\n\t\t<div class=\"elementor-element elementor-element-994cf9a e-con-full e-flex e-con e-child\" data-id=\"994cf9a\" data-element_type=\"container\">\n\t\t\t\t<div class=\"elementor-element elementor-element-25bf6fab elementor-widget elementor-widget-heading\" data-id=\"25bf6fab\" data-element_type=\"widget\" data-widget_type=\"heading.default\">\n\t\t\t\t\t<h2 class=\"elementor-heading-title elementor-size-default\">Preguntas frecuentes<\/h2>\t\t\t\t<\/div>\n\t\t\t\t<\/div>\n\t\t\t\t<\/div>\n\t\t<div class=\"elementor-element elementor-element-4825b8b3 e-con-full animated-slow e-flex elementor-invisible e-con e-child\" data-id=\"4825b8b3\" data-element_type=\"container\" data-settings=\"{&quot;animation&quot;:&quot;fadeInUp&quot;}\">\n\t\t\t\t<div class=\"elementor-element elementor-element-3e0869c6 elementor-widget__width-inherit elementor-widget elementor-widget-elementskit-accordion\" data-id=\"3e0869c6\" data-element_type=\"widget\" data-widget_type=\"elementskit-accordion.default\">\n\t\t\t\t\t<div class=\"ekit-wid-con\" >\n        <div class=\"elementskit-accordion accoedion-primary\" id=\"accordion-69da8f4c047e2\">\n\n            \n                <div class=\"elementskit-card active\">\n                    <div class=\"elementskit-card-header\" id=\"primaryHeading-0-3e0869c6\">\n                        <a href=\"#collapse-dad054e69da8f4c047e2\" class=\"ekit-accordion--toggler elementskit-btn-link collapsed\" data-ekit-toggle=\"collapse\" data-target=\"#Collapse-dad054e69da8f4c047e2\" aria-expanded=\"true\" aria-controls=\"Collapse-dad054e69da8f4c047e2\">\n                            \n                            <span class=\"ekit-accordion-title\">\u00bfC\u00f3mo empiezo a invertir en sus propiedades?<\/span>\n\n                            \n                                <div class=\"ekit_accordion_icon_group\">\n                                    <div class=\"ekit_accordion_normal_icon\">\n                                        <!-- Normal Icon -->\n\t\t\t\t\t\t\t\t\t\t<i class=\"icon icon-down-arrow1\"><\/i>                                    <\/div>\n\n                                    <div class=\"ekit_accordion_active_icon\">\n                                        <!-- Active Icon -->\n\t\t\t\t\t\t\t\t\t\t<i class=\"icon icon-up-arrow1\"><\/i>                                    <\/div>\n                                <\/div>\n\n                            \n                                                    <\/a>\n                    <\/div>\n\n                    <div id=\"Collapse-dad054e69da8f4c047e2\" class=\"show collapse\" aria-labelledby=\"primaryHeading-0-3e0869c6\" data-parent=\"#accordion-69da8f4c047e2\">\n\n                        <div class=\"elementskit-card-body ekit-accordion--content\">\n                            <p>Muy lejos, tras las monta\u00f1as de palabras, lejos de los pa\u00edses de Vokalia y Consonantia, viven los textos ciegos. Separados, viven en Bookmarksgrove, justo en la costa.<\/p>                        <\/div>\n\n                    <\/div>\n\n                <\/div><!-- .elementskit-card END -->\n\n                \n                <div class=\"elementskit-card\">\n                    <div class=\"elementskit-card-header\" id=\"primaryHeading-1-3e0869c6\">\n                        <a href=\"#collapse-efc482069da8f4c047e2\" class=\"ekit-accordion--toggler elementskit-btn-link collapsed\" data-ekit-toggle=\"collapse\" data-target=\"#Collapse-efc482069da8f4c047e2\" aria-expanded=\"false\" aria-controls=\"Collapse-efc482069da8f4c047e2\">\n                            \n                            <span class=\"ekit-accordion-title\">\u00bfPueden los extranjeros comprar propiedades a trav\u00e9s de su empresa?<\/span>\n\n                            \n                                <div class=\"ekit_accordion_icon_group\">\n                                    <div class=\"ekit_accordion_normal_icon\">\n                                        <!-- Normal Icon -->\n\t\t\t\t\t\t\t\t\t\t<i class=\"icon icon-down-arrow1\"><\/i>                                    <\/div>\n\n                                    <div class=\"ekit_accordion_active_icon\">\n                                        <!-- Active Icon -->\n\t\t\t\t\t\t\t\t\t\t<i class=\"icon icon-up-arrow1\"><\/i>                                    <\/div>\n                                <\/div>\n\n                            \n                                                    <\/a>\n                    <\/div>\n\n                    <div id=\"Collapse-efc482069da8f4c047e2\" class=\"collapse\" aria-labelledby=\"primaryHeading-1-3e0869c6\" data-parent=\"#accordion-69da8f4c047e2\">\n\n                        <div class=\"elementskit-card-body ekit-accordion--content\">\n                            <p>Muy lejos, tras las monta\u00f1as de palabras, lejos de los pa\u00edses de Vokalia y Consonantia, viven los textos ciegos. Separados, viven en Bookmarksgrove, justo en la costa.<\/p>                        <\/div>\n\n                    <\/div>\n\n                <\/div><!-- .elementskit-card END -->\n\n                \n                <div class=\"elementskit-card\">\n                    <div class=\"elementskit-card-header\" id=\"primaryHeading-2-3e0869c6\">\n                        <a href=\"#collapse-81badb669da8f4c047e2\" class=\"ekit-accordion--toggler elementskit-btn-link collapsed\" data-ekit-toggle=\"collapse\" data-target=\"#Collapse-81badb669da8f4c047e2\" aria-expanded=\"false\" aria-controls=\"Collapse-81badb669da8f4c047e2\">\n                            \n                            <span class=\"ekit-accordion-title\">\u00bfQu\u00e9 hace que sus propiedades sean buenas para la inversi\u00f3n?<\/span>\n\n                            \n                                <div class=\"ekit_accordion_icon_group\">\n                                    <div class=\"ekit_accordion_normal_icon\">\n                                        <!-- Normal Icon -->\n\t\t\t\t\t\t\t\t\t\t<i class=\"icon icon-down-arrow1\"><\/i>                                    <\/div>\n\n                                    <div class=\"ekit_accordion_active_icon\">\n                                        <!-- Active Icon -->\n\t\t\t\t\t\t\t\t\t\t<i class=\"icon icon-up-arrow1\"><\/i>                                    <\/div>\n                                <\/div>\n\n                            \n                                                    <\/a>\n                    <\/div>\n\n                    <div id=\"Collapse-81badb669da8f4c047e2\" class=\"collapse\" aria-labelledby=\"primaryHeading-2-3e0869c6\" data-parent=\"#accordion-69da8f4c047e2\">\n\n                        <div class=\"elementskit-card-body ekit-accordion--content\">\n                            <p>Muy lejos, tras las monta\u00f1as de palabras, lejos de los pa\u00edses de Vokalia y Consonantia, viven los textos ciegos. Separados, viven en Bookmarksgrove, justo en la costa.<\/p>                        <\/div>\n\n                    <\/div>\n\n                <\/div><!-- .elementskit-card END -->\n\n                \n                <div class=\"elementskit-card\">\n                    <div class=\"elementskit-card-header\" id=\"primaryHeading-3-3e0869c6\">\n                        <a href=\"#collapse-adb76aa69da8f4c047e2\" class=\"ekit-accordion--toggler elementskit-btn-link collapsed\" data-ekit-toggle=\"collapse\" data-target=\"#Collapse-adb76aa69da8f4c047e2\" aria-expanded=\"false\" aria-controls=\"Collapse-adb76aa69da8f4c047e2\">\n                            \n                            <span class=\"ekit-accordion-title\">\u00bfOfrecen financiamiento o planes de pago?<\/span>\n\n                            \n                                <div class=\"ekit_accordion_icon_group\">\n                                    <div class=\"ekit_accordion_normal_icon\">\n                                        <!-- Normal Icon -->\n\t\t\t\t\t\t\t\t\t\t<i class=\"icon icon-down-arrow1\"><\/i>                                    <\/div>\n\n                                    <div class=\"ekit_accordion_active_icon\">\n                                        <!-- Active Icon -->\n\t\t\t\t\t\t\t\t\t\t<i class=\"icon icon-up-arrow1\"><\/i>                                    <\/div>\n                                <\/div>\n\n                            \n                                                    <\/a>\n                    <\/div>\n\n                    <div id=\"Collapse-adb76aa69da8f4c047e2\" class=\"collapse\" aria-labelledby=\"primaryHeading-3-3e0869c6\" data-parent=\"#accordion-69da8f4c047e2\">\n\n                        <div class=\"elementskit-card-body ekit-accordion--content\">\n                            <p>Muy lejos, tras las monta\u00f1as de palabras, lejos de los pa\u00edses de Vokalia y Consonantia, viven los textos ciegos. Separados, viven en Bookmarksgrove, justo en la costa.<\/p>                        <\/div>\n\n                    <\/div>\n\n                <\/div><!-- .elementskit-card END -->\n\n                \n                <div class=\"elementskit-card\">\n                    <div class=\"elementskit-card-header\" id=\"primaryHeading-4-3e0869c6\">\n                        <a href=\"#collapse-e650b4c69da8f4c047e2\" class=\"ekit-accordion--toggler elementskit-btn-link collapsed\" data-ekit-toggle=\"collapse\" data-target=\"#Collapse-e650b4c69da8f4c047e2\" aria-expanded=\"false\" aria-controls=\"Collapse-e650b4c69da8f4c047e2\">\n                            \n                            <span class=\"ekit-accordion-title\">\u00bfC\u00f3mo programo una visita a una propiedad?<\/span>\n\n                            \n                                <div class=\"ekit_accordion_icon_group\">\n                                    <div class=\"ekit_accordion_normal_icon\">\n                                        <!-- Normal Icon -->\n\t\t\t\t\t\t\t\t\t\t<i class=\"icon icon-down-arrow1\"><\/i>                                    <\/div>\n\n                                    <div class=\"ekit_accordion_active_icon\">\n                                        <!-- Active Icon -->\n\t\t\t\t\t\t\t\t\t\t<i class=\"icon icon-up-arrow1\"><\/i>                                    <\/div>\n                                <\/div>\n\n                            \n                                                    <\/a>\n                    <\/div>\n\n                    <div id=\"Collapse-e650b4c69da8f4c047e2\" class=\"collapse\" aria-labelledby=\"primaryHeading-4-3e0869c6\" data-parent=\"#accordion-69da8f4c047e2\">\n\n                        <div class=\"elementskit-card-body ekit-accordion--content\">\n                            <p>Muy lejos, tras las monta\u00f1as de palabras, lejos de los pa\u00edses de Vokalia y Consonantia, viven los textos ciegos. Separados, viven en Bookmarksgrove, justo en la costa.<\/p>                        <\/div>\n\n                    <\/div>\n\n                <\/div><!-- .elementskit-card END -->\n\n                \n                <div class=\"elementskit-card\">\n                    <div class=\"elementskit-card-header\" id=\"primaryHeading-5-3e0869c6\">\n                        <a href=\"#collapse-e4bd07569da8f4c047e2\" class=\"ekit-accordion--toggler elementskit-btn-link collapsed\" data-ekit-toggle=\"collapse\" data-target=\"#Collapse-e4bd07569da8f4c047e2\" aria-expanded=\"false\" aria-controls=\"Collapse-e4bd07569da8f4c047e2\">\n                            \n                            <span class=\"ekit-accordion-title\">\u00bfEst\u00e1 incluido el mantenimiento despu\u00e9s de la compra?<\/span>\n\n                            \n                                <div class=\"ekit_accordion_icon_group\">\n                                    <div class=\"ekit_accordion_normal_icon\">\n                                        <!-- Normal Icon -->\n\t\t\t\t\t\t\t\t\t\t<i class=\"icon icon-down-arrow1\"><\/i>                                    <\/div>\n\n                                    <div class=\"ekit_accordion_active_icon\">\n                                        <!-- Active Icon -->\n\t\t\t\t\t\t\t\t\t\t<i class=\"icon icon-up-arrow1\"><\/i>                                    <\/div>\n                                <\/div>\n\n                            \n                                                    <\/a>\n                    <\/div>\n\n                    <div id=\"Collapse-e4bd07569da8f4c047e2\" class=\"collapse\" aria-labelledby=\"primaryHeading-5-3e0869c6\" data-parent=\"#accordion-69da8f4c047e2\">\n\n                        <div class=\"elementskit-card-body ekit-accordion--content\">\n                            <p>Muy lejos, tras las monta\u00f1as de palabras, lejos de los pa\u00edses de Vokalia y Consonantia, viven los textos ciegos. Separados, viven en Bookmarksgrove, justo en la costa.<\/p>                        <\/div>\n\n                    <\/div>\n\n                <\/div><!-- .elementskit-card END -->\n\n                \n                <div class=\"elementskit-card\">\n                    <div class=\"elementskit-card-header\" id=\"primaryHeading-6-3e0869c6\">\n                        <a href=\"#collapse-c4115a969da8f4c047e2\" class=\"ekit-accordion--toggler elementskit-btn-link collapsed\" data-ekit-toggle=\"collapse\" data-target=\"#Collapse-c4115a969da8f4c047e2\" aria-expanded=\"false\" aria-controls=\"Collapse-c4115a969da8f4c047e2\">\n                            \n                            <span class=\"ekit-accordion-title\">\u00bfEn qu\u00e9 pa\u00edses est\u00e1 m\u00e1s disponible su propiedad?<\/span>\n\n                            \n                                <div class=\"ekit_accordion_icon_group\">\n                                    <div class=\"ekit_accordion_normal_icon\">\n                                        <!-- Normal Icon -->\n\t\t\t\t\t\t\t\t\t\t<i class=\"icon icon-down-arrow1\"><\/i>                                    <\/div>\n\n                                    <div class=\"ekit_accordion_active_icon\">\n                                        <!-- Active Icon -->\n\t\t\t\t\t\t\t\t\t\t<i class=\"icon icon-up-arrow1\"><\/i>                                    <\/div>\n                                <\/div>\n\n                            \n                                                    <\/a>\n                    <\/div>\n\n                    <div id=\"Collapse-c4115a969da8f4c047e2\" class=\"collapse\" aria-labelledby=\"primaryHeading-6-3e0869c6\" data-parent=\"#accordion-69da8f4c047e2\">\n\n                        <div class=\"elementskit-card-body ekit-accordion--content\">\n                            <p>Muy lejos, tras las monta\u00f1as de palabras, lejos de los pa\u00edses de Vokalia y Consonantia, viven los textos ciegos. Separados, viven en Bookmarksgrove, justo en la costa.<\/p>                        <\/div>\n\n                    <\/div>\n\n                <\/div><!-- .elementskit-card END -->\n\n                                        <\/div>\n    <\/div>\t\t\t\t<\/div>\n\t\t\t\t<\/div>\n\t\t\t\t<\/div>\n\t\t\t\t\t<\/div>\n\t\t\t\t<\/div>\n\t\t\t\t<\/div>","protected":false},"excerpt":{"rendered":"<p>Home Stay Updated With Our Blog And News Innovations in Construction: How Sismo Technology is Changing the Housing Landscape in Spain We are proud to participate in a project that doesn&#8217;t just build houses, but&hellip; Alexander Pavlovsky 11.12.2025 Have Another Questions? Lorem ipsum dolor sit amet, consectetur adipiscing. Contact Us FAQ Frequently Asked Questions How [&hellip;]<\/p>","protected":false},"author":1,"featured_media":0,"parent":0,"menu_order":0,"comment_status":"closed","ping_status":"closed","template":"","meta":{"footnotes":""},"class_list":["post-190","page","type-page","status-publish","hentry"],"_links":{"self":[{"href":"https:\/\/avanta-development.es\/es\/wp-json\/wp\/v2\/pages\/190","targetHints":{"allow":["GET"]}}],"collection":[{"href":"https:\/\/avanta-development.es\/es\/wp-json\/wp\/v2\/pages"}],"about":[{"href":"https:\/\/avanta-development.es\/es\/wp-json\/wp\/v2\/types\/page"}],"author":[{"embeddable":true,"href":"https:\/\/avanta-development.es\/es\/wp-json\/wp\/v2\/users\/1"}],"replies":[{"embeddable":true,"href":"https:\/\/avanta-development.es\/es\/wp-json\/wp\/v2\/comments?post=190"}],"version-history":[{"count":15,"href":"https:\/\/avanta-development.es\/es\/wp-json\/wp\/v2\/pages\/190\/revisions"}],"predecessor-version":[{"id":1377,"href":"https:\/\/avanta-development.es\/es\/wp-json\/wp\/v2\/pages\/190\/revisions\/1377"}],"wp:attachment":[{"href":"https:\/\/avanta-development.es\/es\/wp-json\/wp\/v2\/media?parent=190"}],"curies":[{"name":"wp","href":"https:\/\/api.w.org\/{rel}","templated":true}]}}